{"id":1554,"date":"2021-01-09T14:34:44","date_gmt":"2021-01-09T13:34:44","guid":{"rendered":"https:\/\/anthropologie-jungklaus.de\/?page_id=1554"},"modified":"2021-01-09T14:36:39","modified_gmt":"2021-01-09T13:36:39","slug":"wriezen-ehemaliges-gebeinhaus","status":"publish","type":"page","link":"https:\/\/anthropologie-jungklaus.de\/?page_id=1554","title":{"rendered":"Wriezen, ehemaliges Gebeinhaus"},"content":{"rendered":"<p><div class=\"fusion-fullwidth fullwidth-box fusion-builder-row-1 fusion-flex-container nonhundred-percent-fullwidth non-hundred-percent-height-scrolling\" style=\"--awb-border-radius-top-left:0px;--awb-border-radius-top-right:0px;--awb-border-radius-bottom-right:0px;--awb-border-radius-bottom-left:0px;--awb-flex-wrap:wrap;\" ><div class=\"fusion-builder-row fusion-row fusion-flex-align-items-flex-start fusion-flex-content-wrap\" style=\"max-width:1248px;margin-left: calc(-4% \/ 2 );margin-right: calc(-4% \/ 2 );\"><div class=\"fusion-layout-column fusion_builder_column fusion-builder-column-0 fusion_builder_column_1_1 1_1 fusion-flex-column\" style=\"--awb-bg-size:cover;--awb-width-large:100%;--awb-margin-top-large:0px;--awb-spacing-right-large:1.92%;--awb-margin-bottom-large:20px;--awb-spacing-left-large:1.92%;--awb-width-medium:100%;--awb-order-medium:0;--awb-spacing-right-medium:1.92%;--awb-spacing-left-medium:1.92%;--awb-width-small:100%;--awb-order-small:0;--awb-spacing-right-small:1.92%;--awb-spacing-left-small:1.92%;\"><div class=\"fusion-column-wrapper fusion-column-has-shadow fusion-flex-justify-content-flex-start fusion-content-layout-column\"><div class=\"fusion-text fusion-text-1\"><p>Bei Ausgrabungen im November 2000 an der St. Marien Kirche in Wriezen (Landkreis M\u00e4rkisch-Oderland) konnte eine betr\u00e4chtliche Anzahl an Einzelknochen geborgen werden, die aufgrund ihrer Zusammensetzung (\u00fcberwiegend Sch\u00e4del und Langknochen) als \u00dcberreste eines mittelalterlichen Gebeinhauses gedeutet wurden. Im Rahmen eines Fortgeschrittenpraktikums im Sommersemester 2001 an der AG Anthropologie und Humanbiologie der Freien Universit\u00e4t Berlin wurden die Knochen dann anthropologisch untersucht. Die Aussagef\u00e4higkeit von diesen Einzelknochen ist gegen\u00fcber jener von vollst\u00e4ndigen Skeletten zwar reduziert, doch ist dieses Material interessant und wertvoll genug, seinen bev\u00f6lkerungsgeschichtlichen Quellenwert auszusch\u00f6pfen.<\/p>\n<p>Es standen 17 gro\u00dfe Plastiks\u00e4cke unsortierter Streuknochen zur Verf\u00fcgung. Eine grundlegende Aufgabe bestand darin, die Mindestanzahl der vorliegenden Individuen zu bestimmen. Nach umfangreichen Sortierarbeiten wurden 36 Sch\u00e4del, die nahezu vollst\u00e4ndig vorlagen, auf Alter und Geschlecht untersucht und vermessen. Die L\u00e4ngenma\u00dfe der vollst\u00e4ndigen Langknochen bildeten die Grundlage f\u00fcr die K\u00f6rperh\u00f6hensch\u00e4tzung. Alle vorhandenen Knochen sind makroskopisch auf pathologische Ver\u00e4nderungen durchgesehen worden.<\/p>\n<p>Die durchgef\u00fchrten Untersuchungen erbrachten, dass die linke Tibia das h\u00e4ufigste Skelettelement darstellte. Dies f\u00fchrte zu einer Sch\u00e4tzung von mindestens 92 Individuen, wobei 84 ins Erwachsenenalter und acht ins Kindesalter einzustufen waren. Aus der Altersverteilung ergab sich ein Sterbegipfel im maturen Alter. Die Geschlechtsbestimmung anhand der Sch\u00e4del erbrachte einen M\u00e4nner\u00fcberschuss. Die Gesamtk\u00f6rperh\u00f6he wurde mit 161,5 cm gesch\u00e4tzt, die im Vergleich mit anderen Skelettserien als eher klein einzusch\u00e4tzen ist. Die Kariesintensit\u00e4t ist als sehr niedrig zu bewerten, woraus auf einen geringen Konsum von kariogenen Nahrungsmitteln geschlossen werden konnte. Cribra orbitalia lie\u00df sich zu 41% nachweisen, was im mittleren Bereich zwischen vergleichbaren mittelalterlichen und fr\u00fchneuzeitlichen Bev\u00f6lkerungen liegt.<\/p>\n<\/div><\/div><\/div><\/div><\/div><div class=\"fusion-fullwidth fullwidth-box fusion-builder-row-2 fusion-flex-container nonhundred-percent-fullwidth non-hundred-percent-height-scrolling\" style=\"--awb-border-radius-top-left:0px;--awb-border-radius-top-right:0px;--awb-border-radius-bottom-right:0px;--awb-border-radius-bottom-left:0px;--awb-flex-wrap:wrap;\" ><div class=\"fusion-builder-row fusion-row fusion-flex-align-items-flex-start fusion-flex-content-wrap\" style=\"max-width:1248px;margin-left: calc(-4% \/ 2 );margin-right: calc(-4% \/ 2 );\"><div class=\"fusion-layout-column fusion_builder_column fusion-builder-column-1 fusion_builder_column_1_4 1_4 fusion-flex-column\" style=\"--awb-bg-size:cover;--awb-width-large:25%;--awb-margin-top-large:0px;--awb-spacing-right-large:7.68%;--awb-margin-bottom-large:20px;--awb-spacing-left-large:7.68%;--awb-width-medium:25%;--awb-order-medium:0;--awb-spacing-right-medium:7.68%;--awb-spacing-left-medium:7.68%;--awb-width-small:100%;--awb-order-small:0;--awb-spacing-right-small:1.92%;--awb-spacing-left-small:1.92%;\"><div class=\"fusion-column-wrapper fusion-column-has-shadow fusion-flex-justify-content-flex-start fusion-content-layout-column\"><\/div><\/div><div class=\"fusion-layout-column fusion_builder_column fusion-builder-column-2 fusion_builder_column_1_4 1_4 fusion-flex-column\" style=\"--awb-bg-size:cover;--awb-width-large:25%;--awb-margin-top-large:0px;--awb-spacing-right-large:7.68%;--awb-margin-bottom-large:20px;--awb-spacing-left-large:7.68%;--awb-width-medium:25%;--awb-order-medium:0;--awb-spacing-right-medium:7.68%;--awb-spacing-left-medium:7.68%;--awb-width-small:100%;--awb-order-small:0;--awb-spacing-right-small:1.92%;--awb-spacing-left-small:1.92%;\"><div class=\"fusion-column-wrapper fusion-column-has-shadow fusion-flex-justify-content-flex-start fusion-content-layout-column\"><div class=\"fusion-image-element \" style=\"--awb-caption-title-font-family:var(--h2_typography-font-family);--awb-caption-title-font-weight:var(--h2_typography-font-weight);--awb-caption-title-font-style:var(--h2_typography-font-style);--awb-caption-title-size:var(--h2_typography-font-size);--awb-caption-title-transform:var(--h2_typography-text-transform);--awb-caption-title-line-height:var(--h2_typography-line-height);--awb-caption-title-letter-spacing:var(--h2_typography-letter-spacing);\"><span class=\" fusion-imageframe imageframe-none imageframe-1 hover-type-none\"><img decoding=\"async\" width=\"400\" height=\"258\" title=\"24_01\" src=\"https:\/\/anthropologie-jungklaus.de\/wp-content\/uploads\/2021\/01\/24_01-400x258.jpg\" alt class=\"img-responsive wp-image-1283\" srcset=\"https:\/\/anthropologie-jungklaus.de\/wp-content\/uploads\/2021\/01\/24_01-200x129.jpg 200w, https:\/\/anthropologie-jungklaus.de\/wp-content\/uploads\/2021\/01\/24_01-400x258.jpg 400w, https:\/\/anthropologie-jungklaus.de\/wp-content\/uploads\/2021\/01\/24_01.jpg 500w\" sizes=\"(max-width: 640px) 100vw, 400px\" \/><\/span><\/div><div class=\"fusion-text fusion-text-2\"><p style=\"text-align: center;\">Studenten beim Sortieren der Knochen, hier Stirnbeine und Unterkiefer.<\/p>\n<\/div><\/div><\/div><div class=\"fusion-layout-column fusion_builder_column fusion-builder-column-3 fusion_builder_column_1_4 1_4 fusion-flex-column\" style=\"--awb-bg-size:cover;--awb-width-large:25%;--awb-margin-top-large:0px;--awb-spacing-right-large:7.68%;--awb-margin-bottom-large:20px;--awb-spacing-left-large:7.68%;--awb-width-medium:25%;--awb-order-medium:0;--awb-spacing-right-medium:7.68%;--awb-spacing-left-medium:7.68%;--awb-width-small:100%;--awb-order-small:0;--awb-spacing-right-small:1.92%;--awb-spacing-left-small:1.92%;\"><div class=\"fusion-column-wrapper fusion-column-has-shadow fusion-flex-justify-content-flex-start fusion-content-layout-column\"><div class=\"fusion-image-element \" style=\"--awb-caption-title-font-family:var(--h2_typography-font-family);--awb-caption-title-font-weight:var(--h2_typography-font-weight);--awb-caption-title-font-style:var(--h2_typography-font-style);--awb-caption-title-size:var(--h2_typography-font-size);--awb-caption-title-transform:var(--h2_typography-text-transform);--awb-caption-title-line-height:var(--h2_typography-line-height);--awb-caption-title-letter-spacing:var(--h2_typography-letter-spacing);\"><span class=\" fusion-imageframe imageframe-none imageframe-2 hover-type-none\"><img decoding=\"async\" width=\"400\" height=\"362\" title=\"OLYMPUS DIGITAL CAMERA\" src=\"https:\/\/anthropologie-jungklaus.de\/wp-content\/uploads\/2021\/01\/24_02-400x362.jpg\" alt class=\"img-responsive wp-image-1284\" srcset=\"https:\/\/anthropologie-jungklaus.de\/wp-content\/uploads\/2021\/01\/24_02-200x181.jpg 200w, https:\/\/anthropologie-jungklaus.de\/wp-content\/uploads\/2021\/01\/24_02-400x362.jpg 400w, https:\/\/anthropologie-jungklaus.de\/wp-content\/uploads\/2021\/01\/24_02.jpg 500w\" sizes=\"(max-width: 640px) 100vw, 400px\" \/><\/span><\/div><div class=\"fusion-text fusion-text-3\"><p style=\"text-align: center;\">Verheilte Verletzung am Sch\u00e4del eines alten Individuums, vermutlich durch einen Hieb mit einem Morgenstern verursacht.<\/p>\n<\/div><\/div><\/div><div class=\"fusion-layout-column fusion_builder_column fusion-builder-column-4 fusion_builder_column_1_4 1_4 fusion-flex-column\" style=\"--awb-bg-size:cover;--awb-width-large:25%;--awb-margin-top-large:0px;--awb-spacing-right-large:7.68%;--awb-margin-bottom-large:20px;--awb-spacing-left-large:7.68%;--awb-width-medium:25%;--awb-order-medium:0;--awb-spacing-right-medium:7.68%;--awb-spacing-left-medium:7.68%;--awb-width-small:100%;--awb-order-small:0;--awb-spacing-right-small:1.92%;--awb-spacing-left-small:1.92%;\"><div class=\"fusion-column-wrapper fusion-column-has-shadow fusion-flex-justify-content-flex-start fusion-content-layout-column\"><\/div><\/div><\/div><\/div><div class=\"fusion-fullwidth fullwidth-box fusion-builder-row-3 fusion-flex-container nonhundred-percent-fullwidth non-hundred-percent-height-scrolling\" style=\"--awb-border-radius-top-left:0px;--awb-border-radius-top-right:0px;--awb-border-radius-bottom-right:0px;--awb-border-radius-bottom-left:0px;--awb-flex-wrap:wrap;\" ><div class=\"fusion-builder-row fusion-row fusion-flex-align-items-flex-start fusion-flex-content-wrap\" style=\"max-width:1248px;margin-left: calc(-4% \/ 2 );margin-right: calc(-4% \/ 2 );\"><div class=\"fusion-layout-column fusion_builder_column fusion-builder-column-5 fusion_builder_column_1_1 1_1 fusion-flex-column\" style=\"--awb-bg-size:cover;--awb-width-large:100%;--awb-margin-top-large:0px;--awb-spacing-right-large:1.92%;--awb-margin-bottom-large:20px;--awb-spacing-left-large:1.92%;--awb-width-medium:100%;--awb-order-medium:0;--awb-spacing-right-medium:1.92%;--awb-spacing-left-medium:1.92%;--awb-width-small:100%;--awb-order-small:0;--awb-spacing-right-small:1.92%;--awb-spacing-left-small:1.92%;\"><div class=\"fusion-column-wrapper fusion-column-has-shadow fusion-flex-justify-content-flex-start fusion-content-layout-column\"><div class=\"fusion-text fusion-text-4\"><p><b>Jungklaus B &amp; Wittkopp B (2002):<\/b> \u201eMemento Mori\u201c am Eingang. Ein Knochenlager an der Marienkirche in Wriezen, Landkreis M\u00e4rkisch-Oderland. Arch\u00e4ologie in Berlin und Brandenburg 2001, 145-146.<\/p>\n<\/div><\/div><\/div><\/div><\/div><\/p>\n","protected":false},"excerpt":{"rendered":"","protected":false},"author":1,"featured_media":0,"parent":1224,"menu_order":0,"comment_status":"closed","ping_status":"closed","template":"","meta":{"footnotes":""},"_links":{"self":[{"href":"https:\/\/anthropologie-jungklaus.de\/index.php?rest_route=\/wp\/v2\/pages\/1554"}],"collection":[{"href":"https:\/\/anthropologie-jungklaus.de\/index.php?rest_route=\/wp\/v2\/pages"}],"about":[{"href":"https:\/\/anthropologie-jungklaus.de\/index.php?rest_route=\/wp\/v2\/types\/page"}],"author":[{"embeddable":true,"href":"https:\/\/anthropologie-jungklaus.de\/index.php?rest_route=\/wp\/v2\/users\/1"}],"replies":[{"embeddable":true,"href":"https:\/\/anthropologie-jungklaus.de\/index.php?rest_route=%2Fwp%2Fv2%2Fcomments&post=1554"}],"version-history":[{"count":2,"href":"https:\/\/anthropologie-jungklaus.de\/index.php?rest_route=\/wp\/v2\/pages\/1554\/revisions"}],"predecessor-version":[{"id":1556,"href":"https:\/\/anthropologie-jungklaus.de\/index.php?rest_route=\/wp\/v2\/pages\/1554\/revisions\/1556"}],"up":[{"embeddable":true,"href":"https:\/\/anthropologie-jungklaus.de\/index.php?rest_route=\/wp\/v2\/pages\/1224"}],"wp:attachment":[{"href":"https:\/\/anthropologie-jungklaus.de\/index.php?rest_route=%2Fwp%2Fv2%2Fmedia&parent=1554"}],"curies":[{"name":"wp","href":"https:\/\/api.w.org\/{rel}","templated":true}]}}